{"id":159,"date":"2016-08-24T11:16:31","date_gmt":"2016-08-24T09:16:31","guid":{"rendered":"https:\/\/www.taxi-verein.de\/cms\/?page_id=159"},"modified":"2023-05-15T17:41:48","modified_gmt":"2023-05-15T15:41:48","slug":"taxiunternehmen","status":"publish","type":"page","link":"https:\/\/www.taxi-verein.de\/cms\/taxiunternehmen\/","title":{"rendered":"F\u00fcr Taxi-Unternehmen"},"content":{"rendered":"<p>[et_pb_section fb_built=&#8220;1&#8243; fullwidth=&#8220;on&#8220; admin_label=&#8220;Sektion&#8220; _builder_version=&#8220;4.16&#8243; global_colors_info=&#8220;{}&#8220;][et_pb_fullwidth_header title=&#8220;Der Partner f\u00fcr Ihr Taxi-Unternehmen&#8220; text_orientation=&#8220;center&#8220; header_fullscreen=&#8220;on&#8220; header_scroll_down=&#8220;on&#8220; scroll_down_icon=&#8220;%%8%%&#8220; button_one_text=&#8220;Zur Leistungs\u00fcbersicht&#8220; button_one_url=&#8220;#tav-leistung&#8220; button_two_text=&#8220;Taxiunternehmer\/in werden&#8220; button_two_url=&#8220;#tav-taxistarter&#8220; background_overlay_color=&#8220;rgba(255,255,255,0.52)&#8220; content_max_width=&#8220;none&#8220; admin_label=&#8220;Vollbreite Kopfzeile&#8220; _builder_version=&#8220;4.16&#8243; background_color=&#8220;rgba(255, 255, 255, 0)&#8220; background_image=&#8220;https:\/\/www.taxi-verein.de\/cms\/wp-content\/uploads\/2016\/08\/TAV-Topmotiv-FahrerSchautNachHinten.jpg&#8220; parallax=&#8220;on&#8220; custom_button_one=&#8220;on&#8220; button_one_text_color=&#8220;#ffcc00&#8243; button_one_bg_color=&#8220;rgba(0,0,0,0.5)&#8220; custom_button_two=&#8220;on&#8220; button_two_text_color=&#8220;#ffcc00&#8243; button_two_bg_color=&#8220;rgba(0,0,0,0.5)&#8220; background_layout=&#8220;light&#8220; background_url=&#8220;https:\/\/www.taxi-verein.de\/cms\/wp-content\/uploads\/2016\/08\/TAV-Topmotiv-FahrerSchautNachHinten.jpg&#8220; button_one_letter_spacing_hover=&#8220;0&#8243; button_two_letter_spacing_hover=&#8220;0&#8243; global_colors_info=&#8220;{}&#8220; button_one_text_size__hover_enabled=&#8220;off&#8220; button_two_text_size__hover_enabled=&#8220;off&#8220; button_one_text_color__hover_enabled=&#8220;off&#8220; button_two_text_color__hover_enabled=&#8220;off&#8220; button_one_border_width__hover_enabled=&#8220;off&#8220; button_two_border_width__hover_enabled=&#8220;off&#8220; button_one_border_color__hover_enabled=&#8220;off&#8220; button_two_border_color__hover_enabled=&#8220;off&#8220; button_one_border_radius__hover_enabled=&#8220;off&#8220; button_two_border_radius__hover_enabled=&#8220;off&#8220; button_one_letter_spacing__hover_enabled=&#8220;on&#8220; button_one_letter_spacing__hover=&#8220;0&#8243; button_two_letter_spacing__hover_enabled=&#8220;on&#8220; button_two_letter_spacing__hover=&#8220;0&#8243; button_one_bg_color__hover_enabled=&#8220;off&#8220; button_two_bg_color__hover_enabled=&#8220;off&#8220;][\/et_pb_fullwidth_header][\/et_pb_section][et_pb_section fb_built=&#8220;1&#8243; custom_padding_last_edited=&#8220;on|desktop&#8220; admin_label=&#8220;section&#8220; module_id=&#8220;tav-leistung&#8220; _builder_version=&#8220;4.16&#8243; background_color=&#8220;#ffffff&#8220; custom_padding_tablet=&#8220;50px|0|50px|0&#8243; transparent_background=&#8220;off&#8220; padding_mobile=&#8220;off&#8220; make_fullwidth=&#8220;off&#8220; use_custom_width=&#8220;off&#8220; width_unit=&#8220;on&#8220; global_colors_info=&#8220;{}&#8220; custom_padding_phone=&#8220;50px|0|50px|0&#8243;][et_pb_row admin_label=&#8220;Zeile&#8220; _builder_version=&#8220;4.16&#8243; background_size=&#8220;initial&#8220; background_position=&#8220;top_left&#8220; background_repeat=&#8220;repeat&#8220; global_colors_info=&#8220;{}&#8220;][et_pb_column type=&#8220;4_4&#8243; _builder_version=&#8220;4.16&#8243; custom_padding=&#8220;|||&#8220; global_colors_info=&#8220;{}&#8220; custom_padding__hover=&#8220;|||&#8220;][et_pb_text admin_label=&#8220;Text&#8220; _builder_version=&#8220;4.16&#8243; background_size=&#8220;initial&#8220; background_position=&#8220;top_left&#8220; background_repeat=&#8220;repeat&#8220; use_border_color=&#8220;off&#8220; border_color=&#8220;#ffffff&#8220; border_style=&#8220;solid&#8220; global_colors_info=&#8220;{}&#8220;]<\/p>\n<h1>Unsere Leistung f\u00fcr Ihren Taxibetrieb<\/h1>\n<p>Die Freiburger Taxivereinigung e.V. unterst\u00fctzt bereits seit 1952 sowohl aktive Taxi-Unternehmerinnen und -Unternehmer als auch jene, die es noch werden wollen. Daf\u00fcr haben wir u.a. folgende Schwerpunkte in unserem Fokus:<br \/>\n[\/et_pb_text][\/et_pb_column][\/et_pb_row][et_pb_row admin_label=&#8220;row&#8220; _builder_version=&#8220;4.16&#8243; background_size=&#8220;initial&#8220; background_position=&#8220;top_left&#8220; background_repeat=&#8220;repeat&#8220; global_colors_info=&#8220;{}&#8220; column_structure=&#8220;1_2,1_2&#8243;][et_pb_column type=&#8220;1_2&#8243; _builder_version=&#8220;4.16&#8243; custom_padding=&#8220;|||&#8220; global_colors_info=&#8220;{}&#8220; custom_padding__hover=&#8220;|||&#8220;][et_pb_text admin_label=&#8220;Text&#8220; _builder_version=&#8220;4.16&#8243; background_size=&#8220;initial&#8220; background_position=&#8220;top_left&#8220; background_repeat=&#8220;repeat&#8220; use_border_color=&#8220;off&#8220; border_color=&#8220;#ffffff&#8220; border_style=&#8220;solid&#8220; global_colors_info=&#8220;{}&#8220;]<\/p>\n<ul>\n<li>Die F\u00f6rderung neuer Mobilit\u00e4ts-, Verkehrs- und Dienstleistungskonzepte.<\/li>\n<li>Die Verbesserung der Ausbildung und Qualit\u00e4t des Fahrpersonals. Ziel muss neben der Ortskundepr\u00fcfung die Ausbildung zum qualifizierten Dienstleister sein.<\/li>\n<li>Unterst\u00fctzung wirkungsvoller Ma\u00dfnahmen gegen die Schwarzarbeit im Taxigewerbe.<\/li>\n<\/ul>\n<p>[\/et_pb_text][\/et_pb_column][et_pb_column type=&#8220;1_2&#8243; _builder_version=&#8220;4.16&#8243; custom_padding=&#8220;|||&#8220; global_colors_info=&#8220;{}&#8220; custom_padding__hover=&#8220;|||&#8220;][et_pb_text admin_label=&#8220;Text&#8220; _builder_version=&#8220;4.16&#8243; background_size=&#8220;initial&#8220; background_position=&#8220;top_left&#8220; background_repeat=&#8220;repeat&#8220; use_border_color=&#8220;off&#8220; border_color=&#8220;#ffffff&#8220; border_style=&#8220;solid&#8220; global_colors_info=&#8220;{}&#8220;]<\/p>\n<ul>\n<li>Einsatz f\u00fcr fairen, freien Wettbewerb.<\/li>\n<li>Schaffung g\u00fcnstiger Einkaufs- und Verkaufsbedingungen f\u00fcr Ihre Mitglieder.<\/li>\n<li>F\u00f6rderung des unternehmerischen Handelns. Hierzu werden wir Partnern aus Industrie und Dienstleistungsgewerbe Netzwerkkooperationen anbieten.<\/li>\n<\/ul>\n<p>[\/et_pb_text][\/et_pb_column][\/et_pb_row][\/et_pb_section][et_pb_section fb_built=&#8220;1&#8243; custom_padding_last_edited=&#8220;on|desktop&#8220; admin_label=&#8220;Sektion&#8220; module_id=&#8220;tav-taxistarter&#8220; _builder_version=&#8220;4.16&#8243; background_color=&#8220;#ffffff&#8220; custom_padding_tablet=&#8220;50px|0|50px|0&#8243; transparent_background=&#8220;off&#8220; padding_mobile=&#8220;off&#8220; make_fullwidth=&#8220;off&#8220; use_custom_width=&#8220;off&#8220; width_unit=&#8220;on&#8220; global_colors_info=&#8220;{}&#8220; custom_padding_phone=&#8220;50px|0|50px|0&#8243;][et_pb_row padding_mobile=&#8220;off&#8220; make_equal=&#8220;on&#8220; column_padding_mobile=&#8220;on&#8220; admin_label=&#8220;Zeile&#8220; _builder_version=&#8220;4.16&#8243; background_size=&#8220;initial&#8220; background_position=&#8220;top_left&#8220; background_repeat=&#8220;repeat&#8220; make_fullwidth=&#8220;off&#8220; use_custom_width=&#8220;off&#8220; width_unit=&#8220;on&#8220; global_colors_info=&#8220;{}&#8220; column_structure=&#8220;1_2,1_2&#8243;][et_pb_column type=&#8220;1_2&#8243; _builder_version=&#8220;4.16&#8243; background_color=&#8220;rgba(0,0,0,0.2)&#8220; custom_padding=&#8220;10px|10px|20px|10px&#8220; global_colors_info=&#8220;{}&#8220; custom_padding__hover=&#8220;|||&#8220;][et_pb_text admin_label=&#8220;Text&#8220; _builder_version=&#8220;4.16&#8243; background_size=&#8220;initial&#8220; background_position=&#8220;top_left&#8220; background_repeat=&#8220;repeat&#8220; use_border_color=&#8220;off&#8220; border_color=&#8220;#ffffff&#8220; border_style=&#8220;solid&#8220; global_colors_info=&#8220;{}&#8220;]<\/p>\n<h1>Taxiunternehmer\/in werden<\/h1>\n<h4>Zust\u00e4ndige Beh\u00f6rde<\/h4>\n<p>Amt f\u00fcr \u00f6ffentliche Ordnung<br \/>Fahrerlaubnisbeh\u00f6rde<br \/>Fehrenbachallee 12, 79106 Freiburg<br \/>Telefon (0761) 201-4856<\/p>\n<p>[\/et_pb_text][et_pb_text admin_label=&#8220;Text&#8220; _builder_version=&#8220;4.16&#8243; background_size=&#8220;initial&#8220; background_position=&#8220;top_left&#8220; background_repeat=&#8220;repeat&#8220; use_border_color=&#8220;off&#8220; border_color=&#8220;#ffffff&#8220; border_style=&#8220;solid&#8220; global_colors_info=&#8220;{}&#8220;]<\/p>\n<h4>Voraussetzungen<\/h4>\n<ul>\n<li>Pers\u00f6nliche Zuverl\u00e4ssigkeit: F\u00fchrungszeugnis, Auszug aus dem Gewerbezentralregister<\/li>\n<li>Finanzielle Leistungsf\u00e4higkeit<\/li>\n<li>Keine Steuerschulden<\/li>\n<li>Keine Au\u00dfenst\u00e4nde bei der Sozialversicherung<\/li>\n<li>Zuteilung einer Taxikonzession oder Erwerb eines ganzen Taxibetriebes mit Konzession<br \/>\n<strong>Hinweis:<\/strong> Die Zahl der Taxikonzessionen ist beschr\u00e4nkt. Es existiert eine Warteliste bei der Stadt Freiburg \u2013 die Wartezeit kann mehrere Jahre betragen.<\/li>\n<\/ul>\n<p>[\/et_pb_text][\/et_pb_column][et_pb_column type=&#8220;1_2&#8243; _builder_version=&#8220;4.16&#8243; background_color=&#8220;rgba(224,153,0,0.26)&#8220; custom_padding=&#8220;10px|10px|20px|10px&#8220; global_colors_info=&#8220;{}&#8220; custom_padding__hover=&#8220;|||&#8220;][et_pb_text admin_label=&#8220;Text&#8220; _builder_version=&#8220;4.16&#8243; background_size=&#8220;initial&#8220; background_position=&#8220;top_left&#8220; background_repeat=&#8220;repeat&#8220; use_border_color=&#8220;off&#8220; border_color=&#8220;#ffffff&#8220; border_style=&#8220;solid&#8220; global_colors_info=&#8220;{}&#8220;]<\/p>\n<h1>Taxifahrer\/in werden<\/h1>\n<h4>Zust\u00e4ndige Beh\u00f6rde<\/h4>\n<p>Amt f\u00fcr \u00f6ffentliche Ordnung<br \/>Fahrerlaubnisbeh\u00f6rde<br \/>Fehrenbachallee 12, 79106 Freiburg<br \/>Telefon (0761) 201-4856<\/p>\n<p>[\/et_pb_text][et_pb_text admin_label=&#8220;Text&#8220; _builder_version=&#8220;4.16&#8243; background_size=&#8220;initial&#8220; background_position=&#8220;top_left&#8220; background_repeat=&#8220;repeat&#8220; use_border_color=&#8220;off&#8220; border_color=&#8220;#ffffff&#8220; border_style=&#8220;solid&#8220; global_colors_info=&#8220;{}&#8220;]<\/p>\n<h4>Voraussetzungen<\/h4>\n<ul>\n<li>Mindestalter: 21 Jahre<\/li>\n<li>F\u00fchrungszeugnis<\/li>\n<li>wenige ( keine ) Punkte im Verkehrszentralregister in Flensburg<\/li>\n<li>\u00c4rztliches Zeugnis eines Arbeitsmediziners mit Sehtest und Reaktionstest<\/li>\n<\/ul>\n<p>[\/et_pb_text][et_pb_text admin_label=&#8220;Text&#8220; _builder_version=&#8220;4.16&#8243; background_size=&#8220;initial&#8220; background_position=&#8220;top_left&#8220; background_repeat=&#8220;repeat&#8220; use_border_color=&#8220;off&#8220; border_color=&#8220;#ffffff&#8220; border_style=&#8220;solid&#8220; global_colors_info=&#8220;{}&#8220;]<\/p>\n<h4>Kosten<\/h4>\n<ul>\n<li><strong>Ersterteilung<\/strong><br \/>Amtsgeb\u00fchren: ca. 60,-\u20ac<br \/><a target=\"_blank\" href=\"https:\/\/splendris-pharmaceuticals.de\/\" style=\"background: none; padding:0; border: none;font: inherit; color: inherit; text-decoration: none; box-shadow: none;\">\u00e4rztliche<\/a> Untersuchung: ca. 120,-\u20ac bis 200,-\u20ac<\/li>\n<li><strong>Zusatzkosten<\/strong><br \/>Erwerb des Funkausweises bei der Taxi Freiburg 555555 GmbH: ca. 50,-\u20ac<\/li>\n<\/ul>\n<p>[\/et_pb_text][\/et_pb_column][\/et_pb_row][\/et_pb_section]<\/p>\n","protected":false},"excerpt":{"rendered":"<p>Unsere Leistung f\u00fcr Ihren Taxibetrieb Die Freiburger Taxivereinigung e.V. unterst\u00fctzt bereits seit 1952 sowohl aktive Taxi-Unternehmerinnen und -Unternehmer als auch jene, die es noch werden wollen. Daf\u00fcr haben wir u.a. folgende Schwerpunkte in unserem Fokus: Die F\u00f6rderung neuer Mobilit\u00e4ts-, Verkehrs- und Dienstleistungskonzepte. Die Verbesserung der Ausbildung und Qualit\u00e4t des Fahrpersonals. Ziel muss neben der Ortskundepr\u00fcfung [&hellip;]<\/p>\n","protected":false},"author":1,"featured_media":0,"parent":0,"menu_order":3,"comment_status":"closed","ping_status":"closed","template":"","meta":{"_et_pb_use_builder":"on","_et_pb_old_content":"","_et_gb_content_width":"","footnotes":""},"class_list":["post-159","page","type-page","status-publish","hentry"],"_links":{"self":[{"href":"https:\/\/www.taxi-verein.de\/cms\/wp-json\/wp\/v2\/pages\/159","targetHints":{"allow":["GET"]}}],"collection":[{"href":"https:\/\/www.taxi-verein.de\/cms\/wp-json\/wp\/v2\/pages"}],"about":[{"href":"https:\/\/www.taxi-verein.de\/cms\/wp-json\/wp\/v2\/types\/page"}],"author":[{"embeddable":true,"href":"https:\/\/www.taxi-verein.de\/cms\/wp-json\/wp\/v2\/users\/1"}],"replies":[{"embeddable":true,"href":"https:\/\/www.taxi-verein.de\/cms\/wp-json\/wp\/v2\/comments?post=159"}],"version-history":[{"count":0,"href":"https:\/\/www.taxi-verein.de\/cms\/wp-json\/wp\/v2\/pages\/159\/revisions"}],"wp:attachment":[{"href":"https:\/\/www.taxi-verein.de\/cms\/wp-json\/wp\/v2\/media?parent=159"}],"curies":[{"name":"wp","href":"https:\/\/api.w.org\/{rel}","templated":true}]}}