{"id":331,"date":"2017-04-25T11:34:30","date_gmt":"2017-04-25T09:34:30","guid":{"rendered":"https:\/\/www.taxi-verein.de\/cms\/fahrgast\/umfrage\/"},"modified":"2020-07-15T12:42:45","modified_gmt":"2020-07-15T10:42:45","slug":"umfrage","status":"publish","type":"page","link":"https:\/\/www.taxi-verein.de\/cms\/fahrgast\/umfrage\/","title":{"rendered":"Umfrage"},"content":{"rendered":"<p>[et_pb_section fb_built=&#8220;1&#8243; specialty=&#8220;on&#8220; background_position_1=&#8220;top_left&#8220; background_position_2=&#8220;top_left&#8220; background_repeat_1=&#8220;no-repeat&#8220; background_repeat_2=&#8220;no-repeat&#8220; _builder_version=&#8220;3.22&#8243; background_color=&#8220;rgba(255,204,0,0.5)&#8220;][et_pb_column type=&#8220;1_2&#8243; _builder_version=&#8220;3.25&#8243; custom_padding=&#8220;|||&#8220; custom_padding__hover=&#8220;|||&#8220;][et_pb_text _builder_version=&#8220;3.27.4&#8243; background_size=&#8220;initial&#8220; background_position=&#8220;top_left&#8220; background_repeat=&#8220;repeat&#8220; border_style=&#8220;solid&#8220;]<\/p>\n<h1>Ihre Meinung ist gefragt:<br \/>\nBewerten und Gewinnen<\/h1>\n<p>Mit der Teilnahme an unserer Umfrage helfen Sie uns, die Qualit\u00e4t unserer Freiburger Taxi-Dienstleistung stetig zu verbessern. Ihre Bewertung sorgt nicht nur f\u00fcr einen Gewinn an Qualit\u00e4t, sondern Sie haben auch die <strong>M\u00f6glichkeit einen der nachfolgenden Preise zu gewinnen*: <\/strong><br \/>\n[\/et_pb_text][et_pb_divider show_divider=&#8220;off&#8220; disabled_on=&#8220;on|on|off&#8220; _builder_version=&#8220;3.23.4&#8243; height=&#8220;10px&#8220; hide_on_mobile=&#8220;on&#8220;][\/et_pb_divider][et_pb_text admin_label=&#8220;Text Gewinnliste&#8220; _builder_version=&#8220;3.27.4&#8243; background_size=&#8220;initial&#8220; background_position=&#8220;top_left&#8220; background_repeat=&#8220;repeat&#8220; border_style=&#8220;solid&#8220;]<\/p>\n<ul>\n<li>Eintrittskarten f\u00fcr zwei Personen f\u00fcr den Europapark in Rust<\/li>\n<li>Eintrittskarten f\u00fcr zwei Personen f\u00fcr eine Veranstaltung im Konzerthaus<\/li>\n<li>Eine F\u00fchrung durch Freiburg<\/li>\n<\/ul>\n<p>[\/et_pb_text][\/et_pb_column][et_pb_column type=&#8220;1_2&#8243; specialty_columns=&#8220;2&#8243; _builder_version=&#8220;3.25&#8243; custom_padding=&#8220;|||&#8220; custom_padding__hover=&#8220;|||&#8220;][et_pb_row_inner admin_label=&#8220;Zeile&#8220; _builder_version=&#8220;3.25&#8243;][et_pb_column_inner saved_specialty_column_type=&#8220;1_2&#8243; _builder_version=&#8220;3.25&#8243; custom_padding=&#8220;|||&#8220; custom_padding__hover=&#8220;|||&#8220;][et_pb_image src=&#8220;https:\/\/www.taxi-verein.de\/cms\/wp-content\/uploads\/2017\/04\/SchweizerBobbahn\u00a9Europapark-600&#215;900.jpg&#8220; align_tablet=&#8220;center&#8220; align_last_edited=&#8220;on|desktop&#8220; admin_label=&#8220;Bild Europapark&#8220; _builder_version=&#8220;3.23&#8243; animation_style=&#8220;slide&#8220; animation_direction=&#8220;left&#8220; animation_duration=&#8220;500ms&#8220; animation_intensity_slide=&#8220;10%&#8220; border_style=&#8220;solid&#8220; sticky=&#8220;off&#8220; always_center_on_mobile=&#8220;on&#8220;][\/et_pb_image][\/et_pb_column_inner][\/et_pb_row_inner][et_pb_row_inner admin_label=&#8220;Zeile&#8220; _builder_version=&#8220;3.25&#8243; column_structure=&#8220;1_2,1_2&#8243;][et_pb_column_inner type=&#8220;1_2&#8243; saved_specialty_column_type=&#8220;1_2&#8243; _builder_version=&#8220;3.25&#8243; custom_padding=&#8220;|||&#8220; custom_padding__hover=&#8220;|||&#8220;][\/et_pb_column_inner][et_pb_column_inner type=&#8220;1_2&#8243; saved_specialty_column_type=&#8220;1_2&#8243; _builder_version=&#8220;3.25&#8243; custom_padding=&#8220;|||&#8220; custom_padding__hover=&#8220;|||&#8220;][\/et_pb_column_inner][\/et_pb_row_inner][\/et_pb_column][\/et_pb_section][et_pb_section fb_built=&#8220;1&#8243; _builder_version=&#8220;3.22&#8243; background_color=&#8220;#ffcc00&#8243;][et_pb_row _builder_version=&#8220;3.25&#8243; background_size=&#8220;initial&#8220; background_position=&#8220;top_left&#8220; background_repeat=&#8220;repeat&#8220;][et_pb_column type=&#8220;4_4&#8243; _builder_version=&#8220;3.25&#8243; custom_padding=&#8220;|||&#8220; custom_padding__hover=&#8220;|||&#8220;][et_pb_text _builder_version=&#8220;3.27.4&#8243; text_orientation=&#8220;center&#8220; background_layout=&#8220;dark&#8220; module_alignment=&#8220;center&#8220; border_style=&#8220;solid&#8220;]<\/p>\n<h1>Bitte beantworten Sie nachfolgende 5 Fragen:<\/h1>\n<p>[\/et_pb_text][\/et_pb_column][\/et_pb_row][\/et_pb_section][et_pb_section fb_built=&#8220;1&#8243; _builder_version=&#8220;3.22&#8243;][et_pb_row _builder_version=&#8220;3.25&#8243; background_size=&#8220;initial&#8220; background_position=&#8220;top_left&#8220; background_repeat=&#8220;repeat&#8220;][et_pb_column type=&#8220;4_4&#8243; _builder_version=&#8220;3.25&#8243; custom_padding=&#8220;|||&#8220; custom_padding__hover=&#8220;|||&#8220;][et_pb_text disabled_on=&#8220;off|off|off&#8220; admin_label=&#8220;Survey Shortcut&#8220; _builder_version=&#8220;3.27.4&#8243; background_size=&#8220;initial&#8220; background_position=&#8220;top_left&#8220; background_repeat=&#8220;repeat&#8220; border_style=&#8220;solid&#8220;]<div id=\"survey-951564633-1084948857\" class=\"modal-survey-container modal-survey-embed\"><\/div><br \/>\n[\/et_pb_text][\/et_pb_column][\/et_pb_row][\/et_pb_section][et_pb_section fb_built=&#8220;1&#8243; admin_label=&#8220;section&#8220; _builder_version=&#8220;3.22&#8243; background_color=&#8220;rgba(255,204,0,0.5)&#8220;][et_pb_row _builder_version=&#8220;3.25&#8243; background_size=&#8220;initial&#8220; background_position=&#8220;top_left&#8220; background_repeat=&#8220;repeat&#8220;][et_pb_column type=&#8220;4_4&#8243; _builder_version=&#8220;3.25&#8243; custom_padding=&#8220;|||&#8220; custom_padding__hover=&#8220;|||&#8220;][et_pb_text admin_label=&#8220;Text Teilnahmebedingungen&#8220; _builder_version=&#8220;4.5.1&#8243; text_font_size=&#8220;11&#8243; text_line_height=&#8220;1.1em&#8220; hover_enabled=&#8220;0&#8243;]<strong>* Teilnahmebedingungen:<\/strong> Veranstalter des Gewinnspiels ist die Freiburger Taxivereinigung e.V. in Zusammenarbeit mit Freiburg Wirtschaft Touristik und Messe GmbH &amp; Co. KG, Neuer Messplatz 3, 79108 Freiburg, Deutschland. Bei mehreren Einsendungen entscheidet das Los. Der Gewinn ist nicht \u00fcbertragbar. Die Gewinne k\u00f6nnen nicht bar ausgezahlt werden. Der Rechtsweg ist ausgeschlossen. Die Gewinner\/die Gewinnerinnen werden \u00fcber ihren Gewinn schriftlich via Email an die von dem\/der jeweiligen Teilnehmer\/in angegebene Email-Adresse informiert und haben 12 Werktage Zeit, um sich per E-Mail zur\u00fcckzumelden. Meldet sich der Gewinner\/die Gewinnerin nicht innerhalb dieser 12 Werktage per R\u00fcckantwort auf die Benachrichtigungs-Email, verf\u00e4llt sein\/ihr Anspruch auf den Gewinn. In diesem Fall findet eine neue Losziehung statt. Mit der Teilnahme an der Umfrage und am Gewinnspiel akzeptieren Sie unsere <a href=\"https:\/\/www.taxi-verein.de\/cms\/datenschutz\/\">Richtlinien zum Datenschutz<\/a>.<br \/>\n[\/et_pb_text][\/et_pb_column][\/et_pb_row][\/et_pb_section]<\/p>\n","protected":false},"excerpt":{"rendered":"<p>Ihre Meinung ist gefragt: Bewerten und Gewinnen Mit der Teilnahme an unserer Umfrage helfen Sie uns, die Qualit\u00e4t unserer Freiburger Taxi-Dienstleistung stetig zu verbessern. Ihre Bewertung sorgt nicht nur f\u00fcr einen Gewinn an Qualit\u00e4t, sondern Sie haben auch die M\u00f6glichkeit einen der nachfolgenden Preise zu gewinnen*: Eintrittskarten f\u00fcr zwei Personen f\u00fcr den Europapark in Rust [&hellip;]<\/p>\n","protected":false},"author":1,"featured_media":0,"parent":185,"menu_order":2,"comment_status":"closed","ping_status":"closed","template":"","meta":{"_et_pb_use_builder":"on","_et_pb_old_content":"","_et_gb_content_width":"","footnotes":""},"class_list":["post-331","page","type-page","status-publish","hentry"],"_links":{"self":[{"href":"https:\/\/www.taxi-verein.de\/cms\/wp-json\/wp\/v2\/pages\/331","targetHints":{"allow":["GET"]}}],"collection":[{"href":"https:\/\/www.taxi-verein.de\/cms\/wp-json\/wp\/v2\/pages"}],"about":[{"href":"https:\/\/www.taxi-verein.de\/cms\/wp-json\/wp\/v2\/types\/page"}],"author":[{"embeddable":true,"href":"https:\/\/www.taxi-verein.de\/cms\/wp-json\/wp\/v2\/users\/1"}],"replies":[{"embeddable":true,"href":"https:\/\/www.taxi-verein.de\/cms\/wp-json\/wp\/v2\/comments?post=331"}],"version-history":[{"count":0,"href":"https:\/\/www.taxi-verein.de\/cms\/wp-json\/wp\/v2\/pages\/331\/revisions"}],"up":[{"embeddable":true,"href":"https:\/\/www.taxi-verein.de\/cms\/wp-json\/wp\/v2\/pages\/185"}],"wp:attachment":[{"href":"https:\/\/www.taxi-verein.de\/cms\/wp-json\/wp\/v2\/media?parent=331"}],"curies":[{"name":"wp","href":"https:\/\/api.w.org\/{rel}","templated":true}]}}